{"id":218,"date":"2020-02-25T15:29:36","date_gmt":"2020-02-25T15:29:36","guid":{"rendered":"http:\/\/observatoriocentroamericanodeviolencialaboral.org\/?page_id=218"},"modified":"2020-08-13T19:15:02","modified_gmt":"2020-08-14T01:15:02","slug":"salud-y-seguridad-ocupacional-hn","status":"publish","type":"page","link":"https:\/\/observatoriocentroamericanodeviolencialaboral.org\/index.php\/salud-y-seguridad-ocupacional-hn\/","title":{"rendered":"Salud y seguridad ocupacional HN"},"content":{"rendered":"\t\t<div data-elementor-type=\"wp-page\" data-elementor-id=\"218\" class=\"elementor elementor-218\" data-elementor-post-type=\"page\">\n\t\t\t\t\t\t<section class=\"elementor-section elementor-top-section elementor-element elementor-element-0324e69 elementor-section-boxed elementor-section-height-default elementor-section-height-default\" data-id=\"0324e69\" data-element_type=\"section\" data-e-type=\"section\">\n\t\t\t\t\t\t<div class=\"elementor-container elementor-column-gap-default\">\n\t\t\t\t\t<div class=\"elementor-column elementor-col-100 elementor-top-column elementor-element elementor-element-1f65038\" data-id=\"1f65038\" data-element_type=\"column\" data-e-type=\"column\">\n\t\t\t<div class=\"elementor-widget-wrap elementor-element-populated\">\n\t\t\t\t\t\t<div class=\"elementor-element elementor-element-ef11cde elementor-grid-1 elementor-grid-tablet-2 elementor-grid-mobile-1 elementor-posts--thumbnail-top elementor-widget elementor-widget-posts\" data-id=\"ef11cde\" data-element_type=\"widget\" data-e-type=\"widget\" data-settings=\"{&quot;classic_columns&quot;:&quot;1&quot;,&quot;classic_columns_tablet&quot;:&quot;2&quot;,&quot;classic_columns_mobile&quot;:&quot;1&quot;,&quot;classic_row_gap&quot;:{&quot;unit&quot;:&quot;px&quot;,&quot;size&quot;:35,&quot;sizes&quot;:[]},&quot;classic_row_gap_tablet&quot;:{&quot;unit&quot;:&quot;px&quot;,&quot;size&quot;:&quot;&quot;,&quot;sizes&quot;:[]},&quot;classic_row_gap_mobile&quot;:{&quot;unit&quot;:&quot;px&quot;,&quot;size&quot;:&quot;&quot;,&quot;sizes&quot;:[]}}\" data-widget_type=\"posts.classic\">\n\t\t\t\t<div class=\"elementor-widget-container\">\n\t\t\t\t\t\t\t<div class=\"elementor-posts-container elementor-posts elementor-posts--skin-classic elementor-grid\" role=\"list\">\n\t\t\t\t<article class=\"elementor-post elementor-grid-item post-3265 post type-post status-publish format-standard has-post-thumbnail hentry category-honduras-salud_y_seguridad_ocupacional category-salud_y_seguridad_ocupacional entry has-media\" role=\"listitem\">\n\t\t\t\t<a class=\"elementor-post__thumbnail__link\" href=\"https:\/\/observatoriocentroamericanodeviolencialaboral.org\/index.php\/2024\/05\/17\/anteproyecto-de-ley-de-salud-en-el-trabajo-presentada-por-codemuh-propone-reconocer242-enfermedades-profesionales\/\" tabindex=\"-1\" >\n\t\t\t<div class=\"elementor-post__thumbnail\"><img fetchpriority=\"high\" decoding=\"async\" width=\"233\" height=\"300\" src=\"https:\/\/observatoriocentroamericanodeviolencialaboral.org\/wp-content\/uploads\/2024\/05\/segurida-ocupacional-honduras-233x300.jpg\" class=\"attachment-medium size-medium wp-image-3267\" alt=\"\" srcset=\"https:\/\/observatoriocentroamericanodeviolencialaboral.org\/wp-content\/uploads\/2024\/05\/segurida-ocupacional-honduras-233x300.jpg 233w, https:\/\/observatoriocentroamericanodeviolencialaboral.org\/wp-content\/uploads\/2024\/05\/segurida-ocupacional-honduras.jpg 391w\" sizes=\"(max-width: 233px) 100vw, 233px\" \/><\/div>\n\t\t<\/a>\n\t\t\t\t<div class=\"elementor-post__text\">\n\t\t\t\t<h3 class=\"elementor-post__title\">\n\t\t\t<a href=\"https:\/\/observatoriocentroamericanodeviolencialaboral.org\/index.php\/2024\/05\/17\/anteproyecto-de-ley-de-salud-en-el-trabajo-presentada-por-codemuh-propone-reconocer242-enfermedades-profesionales\/\" >\n\t\t\t\tAnteproyecto de Ley de Salud en el Trabajo presentada por CODEMUH propone reconocer242 enfermedades profesionales\t\t\t<\/a>\n\t\t<\/h3>\n\t\t\t\t<div class=\"elementor-post__meta-data\">\n\t\t\t\t\t<span class=\"elementor-post-date\">\n\t\t\t17 mayo, 2024\t\t<\/span>\n\t\t\t\t<span class=\"elementor-post-avatar\">\n\t\t\tNo hay comentarios\t\t<\/span>\n\t\t\t\t<\/div>\n\t\t\t\t<div class=\"elementor-post__excerpt\">\n\t\t\t\t\t<\/div>\n\t\t\n\t\t<a class=\"elementor-post__read-more\" href=\"https:\/\/observatoriocentroamericanodeviolencialaboral.org\/index.php\/2024\/05\/17\/anteproyecto-de-ley-de-salud-en-el-trabajo-presentada-por-codemuh-propone-reconocer242-enfermedades-profesionales\/\" aria-label=\"M\u00e1s informaci\u00f3n sobre Anteproyecto de Ley de Salud en el Trabajo presentada por CODEMUH propone reconocer242 enfermedades profesionales\" tabindex=\"-1\" >\n\t\t\tLeer mas \u00bb\t\t<\/a>\n\n\t\t\t\t<\/div>\n\t\t\t\t<\/article>\n\t\t\t\t<article class=\"elementor-post elementor-grid-item post-2116 post type-post status-publish format-standard has-post-thumbnail hentry category-honduras-salud_y_seguridad_ocupacional category-salud_y_seguridad_ocupacional entry has-media\" role=\"listitem\">\n\t\t\t\t<a class=\"elementor-post__thumbnail__link\" href=\"https:\/\/observatoriocentroamericanodeviolencialaboral.org\/index.php\/2021\/09\/10\/enfermedades-y-accidentes-de-trabajo-podrian-evitarse-con-la-adopcion-de-metodos-racionales-de-prevencion-notificacion-e-inspeccion-senala-la-oit\/\" tabindex=\"-1\" >\n\t\t\t<div class=\"elementor-post__thumbnail\"><img decoding=\"async\" width=\"244\" height=\"300\" src=\"https:\/\/observatoriocentroamericanodeviolencialaboral.org\/wp-content\/uploads\/2021\/09\/salud-ocupacional-h-244x300.png\" class=\"attachment-medium size-medium wp-image-2118\" alt=\"\" srcset=\"https:\/\/observatoriocentroamericanodeviolencialaboral.org\/wp-content\/uploads\/2021\/09\/salud-ocupacional-h-244x300.png 244w, https:\/\/observatoriocentroamericanodeviolencialaboral.org\/wp-content\/uploads\/2021\/09\/salud-ocupacional-h.png 377w\" sizes=\"(max-width: 244px) 100vw, 244px\" \/><\/div>\n\t\t<\/a>\n\t\t\t\t<div class=\"elementor-post__text\">\n\t\t\t\t<h3 class=\"elementor-post__title\">\n\t\t\t<a href=\"https:\/\/observatoriocentroamericanodeviolencialaboral.org\/index.php\/2021\/09\/10\/enfermedades-y-accidentes-de-trabajo-podrian-evitarse-con-la-adopcion-de-metodos-racionales-de-prevencion-notificacion-e-inspeccion-senala-la-oit\/\" >\n\t\t\t\tEnfermedades y accidentes de trabajo podr\u00edan evitarse con la adopci\u00f3n de m\u00e9todos racionales de prevenci\u00f3n, notificaci\u00f3n e inspecci\u00f3n, se\u00f1ala la OIT\t\t\t<\/a>\n\t\t<\/h3>\n\t\t\t\t<div class=\"elementor-post__meta-data\">\n\t\t\t\t\t<span class=\"elementor-post-date\">\n\t\t\t10 septiembre, 2021\t\t<\/span>\n\t\t\t\t<span class=\"elementor-post-avatar\">\n\t\t\tNo hay comentarios\t\t<\/span>\n\t\t\t\t<\/div>\n\t\t\t\t<div class=\"elementor-post__excerpt\">\n\t\t\t<p>Un derecho laboral esencial reconocido es que las personas<br \/>\ntrabajadoras est\u00e9n protegidas contra las enfermedades en general o las enfermedades profesionales y los accidentes resultantes de su<br \/>\ntrabajo<\/p>\n\t\t<\/div>\n\t\t\n\t\t<a class=\"elementor-post__read-more\" href=\"https:\/\/observatoriocentroamericanodeviolencialaboral.org\/index.php\/2021\/09\/10\/enfermedades-y-accidentes-de-trabajo-podrian-evitarse-con-la-adopcion-de-metodos-racionales-de-prevencion-notificacion-e-inspeccion-senala-la-oit\/\" aria-label=\"M\u00e1s informaci\u00f3n sobre Enfermedades y accidentes de trabajo podr\u00edan evitarse con la adopci\u00f3n de m\u00e9todos racionales de prevenci\u00f3n, notificaci\u00f3n e inspecci\u00f3n, se\u00f1ala la OIT\" tabindex=\"-1\" >\n\t\t\tLeer mas \u00bb\t\t<\/a>\n\n\t\t\t\t<\/div>\n\t\t\t\t<\/article>\n\t\t\t\t<article class=\"elementor-post elementor-grid-item post-1273 post type-post status-publish format-standard has-post-thumbnail hentry category-honduras-salud_y_seguridad_ocupacional category-salud_y_seguridad_ocupacional entry has-media\" role=\"listitem\">\n\t\t\t\t<a class=\"elementor-post__thumbnail__link\" href=\"https:\/\/observatoriocentroamericanodeviolencialaboral.org\/index.php\/2020\/07\/16\/seguridad-social-y-salud-ocupacional\/\" tabindex=\"-1\" >\n\t\t\t<div class=\"elementor-post__thumbnail\"><img decoding=\"async\" width=\"258\" height=\"300\" src=\"https:\/\/observatoriocentroamericanodeviolencialaboral.org\/wp-content\/uploads\/2020\/07\/salud-honduras-3-258x300.png\" class=\"attachment-medium size-medium wp-image-1922\" alt=\"\" srcset=\"https:\/\/observatoriocentroamericanodeviolencialaboral.org\/wp-content\/uploads\/2020\/07\/salud-honduras-3-258x300.png 258w, https:\/\/observatoriocentroamericanodeviolencialaboral.org\/wp-content\/uploads\/2020\/07\/salud-honduras-3.png 385w\" sizes=\"(max-width: 258px) 100vw, 258px\" \/><\/div>\n\t\t<\/a>\n\t\t\t\t<div class=\"elementor-post__text\">\n\t\t\t\t<h3 class=\"elementor-post__title\">\n\t\t\t<a href=\"https:\/\/observatoriocentroamericanodeviolencialaboral.org\/index.php\/2020\/07\/16\/seguridad-social-y-salud-ocupacional\/\" >\n\t\t\t\tSeguridad social y salud ocupacional\t\t\t<\/a>\n\t\t<\/h3>\n\t\t\t\t<div class=\"elementor-post__meta-data\">\n\t\t\t\t\t<span class=\"elementor-post-date\">\n\t\t\t16 julio, 2020\t\t<\/span>\n\t\t\t\t<span class=\"elementor-post-avatar\">\n\t\t\tNo hay comentarios\t\t<\/span>\n\t\t\t\t<\/div>\n\t\t\t\t<div class=\"elementor-post__excerpt\">\n\t\t\t<p>El seguro social no brinda estad\u00edsticas desagregadas por sexo<\/p>\n\t\t<\/div>\n\t\t\n\t\t<a class=\"elementor-post__read-more\" href=\"https:\/\/observatoriocentroamericanodeviolencialaboral.org\/index.php\/2020\/07\/16\/seguridad-social-y-salud-ocupacional\/\" aria-label=\"M\u00e1s informaci\u00f3n sobre Seguridad social y salud ocupacional\" tabindex=\"-1\" >\n\t\t\tLeer mas \u00bb\t\t<\/a>\n\n\t\t\t\t<\/div>\n\t\t\t\t<\/article>\n\t\t\t\t<article class=\"elementor-post elementor-grid-item post-1102 post type-post status-publish format-standard has-post-thumbnail hentry category-honduras-salud_y_seguridad_ocupacional category-salud_y_seguridad_ocupacional entry has-media\" role=\"listitem\">\n\t\t\t\t<a class=\"elementor-post__thumbnail__link\" href=\"https:\/\/observatoriocentroamericanodeviolencialaboral.org\/index.php\/2020\/07\/15\/codemuh-pide-al-instituto-hondureno-de-seguridad-social-atender-dano-renal-a-trabajadora-de-maquila\/\" tabindex=\"-1\" >\n\t\t\t<div class=\"elementor-post__thumbnail\"><img loading=\"lazy\" decoding=\"async\" width=\"242\" height=\"300\" src=\"https:\/\/observatoriocentroamericanodeviolencialaboral.org\/wp-content\/uploads\/2020\/07\/salud-honduras-2-242x300.png\" class=\"attachment-medium size-medium wp-image-1920\" alt=\"\" srcset=\"https:\/\/observatoriocentroamericanodeviolencialaboral.org\/wp-content\/uploads\/2020\/07\/salud-honduras-2-242x300.png 242w, https:\/\/observatoriocentroamericanodeviolencialaboral.org\/wp-content\/uploads\/2020\/07\/salud-honduras-2.png 387w\" sizes=\"(max-width: 242px) 100vw, 242px\" \/><\/div>\n\t\t<\/a>\n\t\t\t\t<div class=\"elementor-post__text\">\n\t\t\t\t<h3 class=\"elementor-post__title\">\n\t\t\t<a href=\"https:\/\/observatoriocentroamericanodeviolencialaboral.org\/index.php\/2020\/07\/15\/codemuh-pide-al-instituto-hondureno-de-seguridad-social-atender-dano-renal-a-trabajadora-de-maquila\/\" >\n\t\t\t\tCODEMUH pide al Instituto Hondure\u00f1o de Seguridad Social atender da\u00f1o renal a trabajadora de maquila\t\t\t<\/a>\n\t\t<\/h3>\n\t\t\t\t<div class=\"elementor-post__meta-data\">\n\t\t\t\t\t<span class=\"elementor-post-date\">\n\t\t\t15 julio, 2020\t\t<\/span>\n\t\t\t\t<span class=\"elementor-post-avatar\">\n\t\t\tNo hay comentarios\t\t<\/span>\n\t\t\t\t<\/div>\n\t\t\t\t<div class=\"elementor-post__excerpt\">\n\t\t\t<p>El 16 de noviembre de 2017, CODEMUH denunci\u00f3 la situaci\u00f3n de Joseline Pineda, <\/p>\n\t\t<\/div>\n\t\t\n\t\t<a class=\"elementor-post__read-more\" href=\"https:\/\/observatoriocentroamericanodeviolencialaboral.org\/index.php\/2020\/07\/15\/codemuh-pide-al-instituto-hondureno-de-seguridad-social-atender-dano-renal-a-trabajadora-de-maquila\/\" aria-label=\"M\u00e1s informaci\u00f3n sobre CODEMUH pide al Instituto Hondure\u00f1o de Seguridad Social atender da\u00f1o renal a trabajadora de maquila\" tabindex=\"-1\" >\n\t\t\tLeer mas \u00bb\t\t<\/a>\n\n\t\t\t\t<\/div>\n\t\t\t\t<\/article>\n\t\t\t\t<article class=\"elementor-post elementor-grid-item post-1099 post type-post status-publish format-standard has-post-thumbnail hentry category-honduras-salud_y_seguridad_ocupacional category-salud_y_seguridad_ocupacional entry has-media\" role=\"listitem\">\n\t\t\t\t<a class=\"elementor-post__thumbnail__link\" href=\"https:\/\/observatoriocentroamericanodeviolencialaboral.org\/index.php\/2020\/07\/15\/la-vida-y-la-salud-de-las-trabajadorases-de-delta-apparel-honduras-esta-en-peligro\/\" tabindex=\"-1\" >\n\t\t\t<div class=\"elementor-post__thumbnail\"><img loading=\"lazy\" decoding=\"async\" width=\"260\" height=\"300\" src=\"https:\/\/observatoriocentroamericanodeviolencialaboral.org\/wp-content\/uploads\/2020\/07\/salud-honduras-1-260x300.png\" class=\"attachment-medium size-medium wp-image-1918\" alt=\"\" srcset=\"https:\/\/observatoriocentroamericanodeviolencialaboral.org\/wp-content\/uploads\/2020\/07\/salud-honduras-1-260x300.png 260w, https:\/\/observatoriocentroamericanodeviolencialaboral.org\/wp-content\/uploads\/2020\/07\/salud-honduras-1.png 457w\" sizes=\"(max-width: 260px) 100vw, 260px\" \/><\/div>\n\t\t<\/a>\n\t\t\t\t<div class=\"elementor-post__text\">\n\t\t\t\t<h3 class=\"elementor-post__title\">\n\t\t\t<a href=\"https:\/\/observatoriocentroamericanodeviolencialaboral.org\/index.php\/2020\/07\/15\/la-vida-y-la-salud-de-las-trabajadorases-de-delta-apparel-honduras-esta-en-peligro\/\" >\n\t\t\t\tLa vida y la salud de las trabajadoras(es) de delta apparel honduras est\u00e1 en peligro!!!\t\t\t<\/a>\n\t\t<\/h3>\n\t\t\t\t<div class=\"elementor-post__meta-data\">\n\t\t\t\t\t<span class=\"elementor-post-date\">\n\t\t\t15 julio, 2020\t\t<\/span>\n\t\t\t\t<span class=\"elementor-post-avatar\">\n\t\t\tNo hay comentarios\t\t<\/span>\n\t\t\t\t<\/div>\n\t\t\t\t<div class=\"elementor-post__excerpt\">\n\t\t\t<p>La Colectiva de Mujeres Hondure\u00f1as CODEMUH, hace del conocimiento p\u00fablico, que Delta Apparel Honduras<\/p>\n\t\t<\/div>\n\t\t\n\t\t<a class=\"elementor-post__read-more\" href=\"https:\/\/observatoriocentroamericanodeviolencialaboral.org\/index.php\/2020\/07\/15\/la-vida-y-la-salud-de-las-trabajadorases-de-delta-apparel-honduras-esta-en-peligro\/\" aria-label=\"M\u00e1s informaci\u00f3n sobre La vida y la salud de las trabajadoras(es) de delta apparel honduras est\u00e1 en peligro!!!\" tabindex=\"-1\" >\n\t\t\tLeer mas \u00bb\t\t<\/a>\n\n\t\t\t\t<\/div>\n\t\t\t\t<\/article>\n\t\t\t\t<\/div>\n\t\t\n\t\t\t\t\t\t<\/div>\n\t\t\t\t<\/div>\n\t\t\t\t\t<\/div>\n\t\t<\/div>\n\t\t\t\t\t<\/div>\n\t\t<\/section>\n\t\t\t\t<\/div>\n\t\t","protected":false},"excerpt":{"rendered":"","protected":false},"author":1,"featured_media":0,"parent":0,"menu_order":0,"comment_status":"closed","ping_status":"closed","template":"","meta":{"_crdt_document":"","ocean_post_layout":"right-sidebar","ocean_both_sidebars_style":"","ocean_both_sidebars_content_width":0,"ocean_both_sidebars_sidebars_width":0,"ocean_sidebar":"0","ocean_second_sidebar":"0","ocean_disable_margins":"enable","ocean_add_body_class":"","ocean_shortcode_before_top_bar":"","ocean_shortcode_after_top_bar":"","ocean_shortcode_before_header":"","ocean_shortcode_after_header":"","ocean_has_shortcode":"","ocean_shortcode_after_title":"","ocean_shortcode_before_footer_widgets":"","ocean_shortcode_after_footer_widgets":"","ocean_shortcode_before_footer_bottom":"","ocean_shortcode_after_footer_bottom":"","ocean_display_top_bar":"default","ocean_display_header":"default","ocean_header_style":"","ocean_center_header_left_menu":"0","ocean_custom_header_template":"0","ocean_custom_logo":0,"ocean_custom_retina_logo":0,"ocean_custom_logo_max_width":0,"ocean_custom_logo_tablet_max_width":0,"ocean_custom_logo_mobile_max_width":0,"ocean_custom_logo_max_height":0,"ocean_custom_logo_tablet_max_height":0,"ocean_custom_logo_mobile_max_height":0,"ocean_header_custom_menu":"0","ocean_menu_typo_font_family":"0","ocean_menu_typo_font_subset":"","ocean_menu_typo_font_size":0,"ocean_menu_typo_font_size_tablet":0,"ocean_menu_typo_font_size_mobile":0,"ocean_menu_typo_font_size_unit":"px","ocean_menu_typo_font_weight":"","ocean_menu_typo_font_weight_tablet":"","ocean_menu_typo_font_weight_mobile":"","ocean_menu_typo_transform":"","ocean_menu_typo_transform_tablet":"","ocean_menu_typo_transform_mobile":"","ocean_menu_typo_line_height":0,"ocean_menu_typo_line_height_tablet":0,"ocean_menu_typo_line_height_mobile":0,"ocean_menu_typo_line_height_unit":"","ocean_menu_typo_spacing":0,"ocean_menu_typo_spacing_tablet":0,"ocean_menu_typo_spacing_mobile":0,"ocean_menu_typo_spacing_unit":"","ocean_menu_link_color":"","ocean_menu_link_color_hover":"","ocean_menu_link_color_active":"","ocean_menu_link_background":"","ocean_menu_link_hover_background":"","ocean_menu_link_active_background":"","ocean_menu_social_links_bg":"","ocean_menu_social_hover_links_bg":"","ocean_menu_social_links_color":"","ocean_menu_social_hover_links_color":"","ocean_disable_title":"default","ocean_disable_heading":"default","ocean_post_title":"","ocean_post_subheading":"","ocean_post_title_style":"","ocean_post_title_background_color":"","ocean_post_title_background":0,"ocean_post_title_bg_image_position":"","ocean_post_title_bg_image_attachment":"","ocean_post_title_bg_image_repeat":"","ocean_post_title_bg_image_size":"","ocean_post_title_height":0,"ocean_post_title_bg_overlay":0.5,"ocean_post_title_bg_overlay_color":"","ocean_disable_breadcrumbs":"default","ocean_breadcrumbs_color":"","ocean_breadcrumbs_separator_color":"","ocean_breadcrumbs_links_color":"","ocean_breadcrumbs_links_hover_color":"","ocean_display_footer_widgets":"default","ocean_display_footer_bottom":"default","ocean_custom_footer_template":"0","footnotes":""},"class_list":["post-218","page","type-page","status-publish","hentry","entry","has-media"],"_links":{"self":[{"href":"https:\/\/observatoriocentroamericanodeviolencialaboral.org\/index.php\/wp-json\/wp\/v2\/pages\/218","targetHints":{"allow":["GET"]}}],"collection":[{"href":"https:\/\/observatoriocentroamericanodeviolencialaboral.org\/index.php\/wp-json\/wp\/v2\/pages"}],"about":[{"href":"https:\/\/observatoriocentroamericanodeviolencialaboral.org\/index.php\/wp-json\/wp\/v2\/types\/page"}],"author":[{"embeddable":true,"href":"https:\/\/observatoriocentroamericanodeviolencialaboral.org\/index.php\/wp-json\/wp\/v2\/users\/1"}],"replies":[{"embeddable":true,"href":"https:\/\/observatoriocentroamericanodeviolencialaboral.org\/index.php\/wp-json\/wp\/v2\/comments?post=218"}],"version-history":[{"count":3,"href":"https:\/\/observatoriocentroamericanodeviolencialaboral.org\/index.php\/wp-json\/wp\/v2\/pages\/218\/revisions"}],"predecessor-version":[{"id":1357,"href":"https:\/\/observatoriocentroamericanodeviolencialaboral.org\/index.php\/wp-json\/wp\/v2\/pages\/218\/revisions\/1357"}],"wp:attachment":[{"href":"https:\/\/observatoriocentroamericanodeviolencialaboral.org\/index.php\/wp-json\/wp\/v2\/media?parent=218"}],"curies":[{"name":"wp","href":"https:\/\/api.w.org\/{rel}","templated":true}]}}