{"id":227,"date":"2020-02-25T15:31:53","date_gmt":"2020-02-25T15:31:53","guid":{"rendered":"http:\/\/observatoriocentroamericanodeviolencialaboral.org\/?page_id=227"},"modified":"2020-08-13T18:56:17","modified_gmt":"2020-08-14T00:56:17","slug":"violencia-sexual-gt","status":"publish","type":"page","link":"https:\/\/observatoriocentroamericanodeviolencialaboral.org\/index.php\/violencia-sexual-gt\/","title":{"rendered":"Violencia sexual GT"},"content":{"rendered":"\t\t<div data-elementor-type=\"wp-page\" data-elementor-id=\"227\" class=\"elementor elementor-227\" data-elementor-post-type=\"page\">\n\t\t\t\t\t\t<section class=\"elementor-section elementor-top-section elementor-element elementor-element-2fa8cce elementor-section-boxed elementor-section-height-default elementor-section-height-default\" data-id=\"2fa8cce\" data-element_type=\"section\" data-e-type=\"section\">\n\t\t\t\t\t\t<div class=\"elementor-container elementor-column-gap-default\">\n\t\t\t\t\t<div class=\"elementor-column elementor-col-100 elementor-top-column elementor-element elementor-element-5d6f85a\" data-id=\"5d6f85a\" data-element_type=\"column\" data-e-type=\"column\">\n\t\t\t<div class=\"elementor-widget-wrap elementor-element-populated\">\n\t\t\t\t\t\t<div class=\"elementor-element elementor-element-98c819d elementor-grid-1 elementor-grid-tablet-2 elementor-grid-mobile-1 elementor-posts--thumbnail-top elementor-widget elementor-widget-posts\" data-id=\"98c819d\" data-element_type=\"widget\" data-e-type=\"widget\" data-settings=\"{&quot;classic_columns&quot;:&quot;1&quot;,&quot;classic_columns_tablet&quot;:&quot;2&quot;,&quot;classic_columns_mobile&quot;:&quot;1&quot;,&quot;classic_row_gap&quot;:{&quot;unit&quot;:&quot;px&quot;,&quot;size&quot;:35,&quot;sizes&quot;:[]},&quot;classic_row_gap_tablet&quot;:{&quot;unit&quot;:&quot;px&quot;,&quot;size&quot;:&quot;&quot;,&quot;sizes&quot;:[]},&quot;classic_row_gap_mobile&quot;:{&quot;unit&quot;:&quot;px&quot;,&quot;size&quot;:&quot;&quot;,&quot;sizes&quot;:[]}}\" data-widget_type=\"posts.classic\">\n\t\t\t\t<div class=\"elementor-widget-container\">\n\t\t\t\t\t\t\t<div class=\"elementor-posts-container elementor-posts elementor-posts--skin-classic elementor-grid\" role=\"list\">\n\t\t\t\t<article class=\"elementor-post elementor-grid-item post-2124 post type-post status-publish format-standard has-post-thumbnail hentry category-acoso-sexual category-guatemala-violencia_sexual entry has-media\" role=\"listitem\">\n\t\t\t\t<a class=\"elementor-post__thumbnail__link\" href=\"https:\/\/observatoriocentroamericanodeviolencialaboral.org\/index.php\/2021\/09\/13\/acoso-sexual-sigue-sin-ser-tipificado-como-delito-a-2021\/\" tabindex=\"-1\" >\n\t\t\t<div class=\"elementor-post__thumbnail\"><img fetchpriority=\"high\" decoding=\"async\" width=\"300\" height=\"292\" src=\"https:\/\/observatoriocentroamericanodeviolencialaboral.org\/wp-content\/uploads\/2021\/09\/ax-2021-300x292.png\" class=\"attachment-medium size-medium wp-image-2126\" alt=\"\" srcset=\"https:\/\/observatoriocentroamericanodeviolencialaboral.org\/wp-content\/uploads\/2021\/09\/ax-2021-300x292.png 300w, https:\/\/observatoriocentroamericanodeviolencialaboral.org\/wp-content\/uploads\/2021\/09\/ax-2021.png 501w\" sizes=\"(max-width: 300px) 100vw, 300px\" \/><\/div>\n\t\t<\/a>\n\t\t\t\t<div class=\"elementor-post__text\">\n\t\t\t\t<h3 class=\"elementor-post__title\">\n\t\t\t<a href=\"https:\/\/observatoriocentroamericanodeviolencialaboral.org\/index.php\/2021\/09\/13\/acoso-sexual-sigue-sin-ser-tipificado-como-delito-a-2021\/\" >\n\t\t\t\tAcoso sexual sigue sin ser tipificado como delito a 2021\t\t\t<\/a>\n\t\t<\/h3>\n\t\t\t\t<div class=\"elementor-post__meta-data\">\n\t\t\t\t\t<span class=\"elementor-post-date\">\n\t\t\t13 septiembre, 2021\t\t<\/span>\n\t\t\t\t<\/div>\n\t\t\t\t<div class=\"elementor-post__excerpt\">\n\t\t\t<p>Tanto la Organizaci\u00f3n Internacional del Trabajo (OIT) como la Convenci\u00f3n para la Eliminaci\u00f3n de Todas las Formas de Discriminaci\u00f3n contra las Mujeres (CEDAW),<\/p>\n\t\t<\/div>\n\t\t\n\t\t<a class=\"elementor-post__read-more\" href=\"https:\/\/observatoriocentroamericanodeviolencialaboral.org\/index.php\/2021\/09\/13\/acoso-sexual-sigue-sin-ser-tipificado-como-delito-a-2021\/\" aria-label=\"M\u00e1s informaci\u00f3n sobre Acoso sexual sigue sin ser tipificado como delito a 2021\" tabindex=\"-1\" >\n\t\t\tLeer mas \u00bb\t\t<\/a>\n\n\t\t\t\t<\/div>\n\t\t\t\t<\/article>\n\t\t\t\t<article class=\"elementor-post elementor-grid-item post-1219 post type-post status-publish format-standard has-post-thumbnail hentry category-acoso-sexual category-guatemala-violencia_sexual entry has-media\" role=\"listitem\">\n\t\t\t\t<a class=\"elementor-post__thumbnail__link\" href=\"https:\/\/observatoriocentroamericanodeviolencialaboral.org\/index.php\/2020\/07\/16\/acoso-sexual-en-guatemala\/\" tabindex=\"-1\" >\n\t\t\t<div class=\"elementor-post__thumbnail\"><img decoding=\"async\" width=\"220\" height=\"300\" src=\"https:\/\/observatoriocentroamericanodeviolencialaboral.org\/wp-content\/uploads\/2020\/07\/guate-acoso-sexual-220x300.png\" class=\"attachment-medium size-medium wp-image-1710\" alt=\"\" srcset=\"https:\/\/observatoriocentroamericanodeviolencialaboral.org\/wp-content\/uploads\/2020\/07\/guate-acoso-sexual-220x300.png 220w, https:\/\/observatoriocentroamericanodeviolencialaboral.org\/wp-content\/uploads\/2020\/07\/guate-acoso-sexual.png 390w\" sizes=\"(max-width: 220px) 100vw, 220px\" \/><\/div>\n\t\t<\/a>\n\t\t\t\t<div class=\"elementor-post__text\">\n\t\t\t\t<h3 class=\"elementor-post__title\">\n\t\t\t<a href=\"https:\/\/observatoriocentroamericanodeviolencialaboral.org\/index.php\/2020\/07\/16\/acoso-sexual-en-guatemala\/\" >\n\t\t\t\tAcoso sexual en Guatemala\t\t\t<\/a>\n\t\t<\/h3>\n\t\t\t\t<div class=\"elementor-post__meta-data\">\n\t\t\t\t\t<span class=\"elementor-post-date\">\n\t\t\t16 julio, 2020\t\t<\/span>\n\t\t\t\t<\/div>\n\t\t\t\t<div class=\"elementor-post__excerpt\">\n\t\t\t<p>Ante la falta de regulaci\u00f3n expresa del acoso sexual o no reconocimiento del delito, no<br \/>\nexisten estad\u00edsticas oficiales en el Ministerio P\u00fablico a la fecha, aunque denuncias de<br \/>\ntrabajadoras evidencian que es una conducta recurrente en el \u00e1mbito laboral.<\/p>\n\t\t<\/div>\n\t\t\n\t\t<a class=\"elementor-post__read-more\" href=\"https:\/\/observatoriocentroamericanodeviolencialaboral.org\/index.php\/2020\/07\/16\/acoso-sexual-en-guatemala\/\" aria-label=\"M\u00e1s informaci\u00f3n sobre Acoso sexual en Guatemala\" tabindex=\"-1\" >\n\t\t\tLeer mas \u00bb\t\t<\/a>\n\n\t\t\t\t<\/div>\n\t\t\t\t<\/article>\n\t\t\t\t<\/div>\n\t\t\n\t\t\t\t\t\t<\/div>\n\t\t\t\t<\/div>\n\t\t\t\t\t<\/div>\n\t\t<\/div>\n\t\t\t\t\t<\/div>\n\t\t<\/section>\n\t\t\t\t<\/div>\n\t\t","protected":false},"excerpt":{"rendered":"","protected":false},"author":1,"featured_media":0,"parent":0,"menu_order":0,"comment_status":"closed","ping_status":"closed","template":"","meta":{"_crdt_document":"","ocean_post_layout":"right-sidebar","ocean_both_sidebars_style":"","ocean_both_sidebars_content_width":0,"ocean_both_sidebars_sidebars_width":0,"ocean_sidebar":"0","ocean_second_sidebar":"0","ocean_disable_margins":"enable","ocean_add_body_class":"","ocean_shortcode_before_top_bar":"","ocean_shortcode_after_top_bar":"","ocean_shortcode_before_header":"","ocean_shortcode_after_header":"","ocean_has_shortcode":"","ocean_shortcode_after_title":"","ocean_shortcode_before_footer_widgets":"","ocean_shortcode_after_footer_widgets":"","ocean_shortcode_before_footer_bottom":"","ocean_shortcode_after_footer_bottom":"","ocean_display_top_bar":"default","ocean_display_header":"default","ocean_header_style":"","ocean_center_header_left_menu":"0","ocean_custom_header_template":"0","ocean_custom_logo":0,"ocean_custom_retina_logo":0,"ocean_custom_logo_max_width":0,"ocean_custom_logo_tablet_max_width":0,"ocean_custom_logo_mobile_max_width":0,"ocean_custom_logo_max_height":0,"ocean_custom_logo_tablet_max_height":0,"ocean_custom_logo_mobile_max_height":0,"ocean_header_custom_menu":"0","ocean_menu_typo_font_family":"0","ocean_menu_typo_font_subset":"","ocean_menu_typo_font_size":0,"ocean_menu_typo_font_size_tablet":0,"ocean_menu_typo_font_size_mobile":0,"ocean_menu_typo_font_size_unit":"px","ocean_menu_typo_font_weight":"","ocean_menu_typo_font_weight_tablet":"","ocean_menu_typo_font_weight_mobile":"","ocean_menu_typo_transform":"","ocean_menu_typo_transform_tablet":"","ocean_menu_typo_transform_mobile":"","ocean_menu_typo_line_height":0,"ocean_menu_typo_line_height_tablet":0,"ocean_menu_typo_line_height_mobile":0,"ocean_menu_typo_line_height_unit":"","ocean_menu_typo_spacing":0,"ocean_menu_typo_spacing_tablet":0,"ocean_menu_typo_spacing_mobile":0,"ocean_menu_typo_spacing_unit":"","ocean_menu_link_color":"","ocean_menu_link_color_hover":"","ocean_menu_link_color_active":"","ocean_menu_link_background":"","ocean_menu_link_hover_background":"","ocean_menu_link_active_background":"","ocean_menu_social_links_bg":"","ocean_menu_social_hover_links_bg":"","ocean_menu_social_links_color":"","ocean_menu_social_hover_links_color":"","ocean_disable_title":"default","ocean_disable_heading":"default","ocean_post_title":"","ocean_post_subheading":"","ocean_post_title_style":"","ocean_post_title_background_color":"","ocean_post_title_background":0,"ocean_post_title_bg_image_position":"","ocean_post_title_bg_image_attachment":"","ocean_post_title_bg_image_repeat":"","ocean_post_title_bg_image_size":"","ocean_post_title_height":0,"ocean_post_title_bg_overlay":0.5,"ocean_post_title_bg_overlay_color":"","ocean_disable_breadcrumbs":"default","ocean_breadcrumbs_color":"","ocean_breadcrumbs_separator_color":"","ocean_breadcrumbs_links_color":"","ocean_breadcrumbs_links_hover_color":"","ocean_display_footer_widgets":"default","ocean_display_footer_bottom":"default","ocean_custom_footer_template":"0","footnotes":""},"class_list":["post-227","page","type-page","status-publish","hentry","entry","has-media"],"_links":{"self":[{"href":"https:\/\/observatoriocentroamericanodeviolencialaboral.org\/index.php\/wp-json\/wp\/v2\/pages\/227","targetHints":{"allow":["GET"]}}],"collection":[{"href":"https:\/\/observatoriocentroamericanodeviolencialaboral.org\/index.php\/wp-json\/wp\/v2\/pages"}],"about":[{"href":"https:\/\/observatoriocentroamericanodeviolencialaboral.org\/index.php\/wp-json\/wp\/v2\/types\/page"}],"author":[{"embeddable":true,"href":"https:\/\/observatoriocentroamericanodeviolencialaboral.org\/index.php\/wp-json\/wp\/v2\/users\/1"}],"replies":[{"embeddable":true,"href":"https:\/\/observatoriocentroamericanodeviolencialaboral.org\/index.php\/wp-json\/wp\/v2\/comments?post=227"}],"version-history":[{"count":3,"href":"https:\/\/observatoriocentroamericanodeviolencialaboral.org\/index.php\/wp-json\/wp\/v2\/pages\/227\/revisions"}],"predecessor-version":[{"id":1342,"href":"https:\/\/observatoriocentroamericanodeviolencialaboral.org\/index.php\/wp-json\/wp\/v2\/pages\/227\/revisions\/1342"}],"wp:attachment":[{"href":"https:\/\/observatoriocentroamericanodeviolencialaboral.org\/index.php\/wp-json\/wp\/v2\/media?parent=227"}],"curies":[{"name":"wp","href":"https:\/\/api.w.org\/{rel}","templated":true}]}}