{"id":254,"date":"2020-02-25T15:44:51","date_gmt":"2020-02-25T15:44:51","guid":{"rendered":"http:\/\/observatoriocentroamericanodeviolencialaboral.org\/?page_id=254"},"modified":"2020-08-13T19:14:17","modified_gmt":"2020-08-14T01:14:17","slug":"violaciones-a-derechos-laborales-nic","status":"publish","type":"page","link":"https:\/\/observatoriocentroamericanodeviolencialaboral.org\/index.php\/violaciones-a-derechos-laborales-nic\/","title":{"rendered":"Violaciones a derechos laborales NIC"},"content":{"rendered":"\t\t<div data-elementor-type=\"wp-page\" data-elementor-id=\"254\" class=\"elementor elementor-254\" data-elementor-post-type=\"page\">\n\t\t\t\t\t\t<section class=\"elementor-section elementor-top-section elementor-element elementor-element-1ea0288 elementor-section-boxed elementor-section-height-default elementor-section-height-default\" data-id=\"1ea0288\" data-element_type=\"section\" data-e-type=\"section\">\n\t\t\t\t\t\t<div class=\"elementor-container elementor-column-gap-default\">\n\t\t\t\t\t<div class=\"elementor-column elementor-col-100 elementor-top-column elementor-element elementor-element-6c38436\" data-id=\"6c38436\" data-element_type=\"column\" data-e-type=\"column\">\n\t\t\t<div class=\"elementor-widget-wrap elementor-element-populated\">\n\t\t\t\t\t\t<div class=\"elementor-element elementor-element-82f8a1e elementor-grid-1 elementor-grid-tablet-2 elementor-grid-mobile-1 elementor-posts--thumbnail-top elementor-widget elementor-widget-posts\" data-id=\"82f8a1e\" data-element_type=\"widget\" data-e-type=\"widget\" data-settings=\"{&quot;classic_columns&quot;:&quot;1&quot;,&quot;classic_columns_tablet&quot;:&quot;2&quot;,&quot;classic_columns_mobile&quot;:&quot;1&quot;,&quot;classic_row_gap&quot;:{&quot;unit&quot;:&quot;px&quot;,&quot;size&quot;:35,&quot;sizes&quot;:[]},&quot;classic_row_gap_tablet&quot;:{&quot;unit&quot;:&quot;px&quot;,&quot;size&quot;:&quot;&quot;,&quot;sizes&quot;:[]},&quot;classic_row_gap_mobile&quot;:{&quot;unit&quot;:&quot;px&quot;,&quot;size&quot;:&quot;&quot;,&quot;sizes&quot;:[]}}\" data-widget_type=\"posts.classic\">\n\t\t\t\t<div class=\"elementor-widget-container\">\n\t\t\t\t\t\t\t<div class=\"elementor-posts-container elementor-posts elementor-posts--skin-classic elementor-grid\" role=\"list\">\n\t\t\t\t<article class=\"elementor-post elementor-grid-item post-2965 post type-post status-publish format-standard has-post-thumbnail hentry category-nicaragua-violaciones-a-derechos-laborales category-violaciones-a-derechos-laborales entry has-media\" role=\"listitem\">\n\t\t\t\t<div class=\"elementor-post__text\">\n\t\t\t\t<h3 class=\"elementor-post__title\">\n\t\t\t<a href=\"https:\/\/observatoriocentroamericanodeviolencialaboral.org\/index.php\/2024\/02\/13\/derechos-laborales-en-nicaragua\/\" >\n\t\t\t\tDerechos laborales en Nicaragua\t\t\t<\/a>\n\t\t<\/h3>\n\t\t\t\t<div class=\"elementor-post__meta-data\">\n\t\t\t\t\t<span class=\"elementor-post-date\">\n\t\t\t13 febrero, 2024\t\t<\/span>\n\t\t\t\t<span class=\"elementor-post-avatar\">\n\t\t\tNo hay comentarios\t\t<\/span>\n\t\t\t\t<\/div>\n\t\t\t\t<div class=\"elementor-post__excerpt\">\n\t\t\t\t\t<\/div>\n\t\t\n\t\t<a class=\"elementor-post__read-more\" href=\"https:\/\/observatoriocentroamericanodeviolencialaboral.org\/index.php\/2024\/02\/13\/derechos-laborales-en-nicaragua\/\" aria-label=\"M\u00e1s informaci\u00f3n sobre Derechos laborales en Nicaragua\" tabindex=\"-1\" >\n\t\t\tLeer mas \u00bb\t\t<\/a>\n\n\t\t\t\t<\/div>\n\t\t\t\t<\/article>\n\t\t\t\t<article class=\"elementor-post elementor-grid-item post-2802 post type-post status-publish format-standard has-post-thumbnail hentry category-nicaragua-violaciones-a-derechos-laborales category-violaciones-a-derechos-laborales entry has-media\" role=\"listitem\">\n\t\t\t\t<a class=\"elementor-post__thumbnail__link\" href=\"https:\/\/observatoriocentroamericanodeviolencialaboral.org\/index.php\/2023\/07\/10\/personas-afiliadas-al-instituto-nicaraguense-de-seguridad-social-industria-manufacturera\/\" tabindex=\"-1\" >\n\t\t\t<div class=\"elementor-post__thumbnail\"><img fetchpriority=\"high\" decoding=\"async\" width=\"230\" height=\"300\" src=\"https:\/\/observatoriocentroamericanodeviolencialaboral.org\/wp-content\/uploads\/2023\/07\/cierre-de-maquilas-230x300.png\" class=\"attachment-medium size-medium wp-image-2806\" alt=\"\" srcset=\"https:\/\/observatoriocentroamericanodeviolencialaboral.org\/wp-content\/uploads\/2023\/07\/cierre-de-maquilas-230x300.png 230w, https:\/\/observatoriocentroamericanodeviolencialaboral.org\/wp-content\/uploads\/2023\/07\/cierre-de-maquilas.png 384w\" sizes=\"(max-width: 230px) 100vw, 230px\" \/><\/div>\n\t\t<\/a>\n\t\t\t\t<div class=\"elementor-post__text\">\n\t\t\t\t<h3 class=\"elementor-post__title\">\n\t\t\t<a href=\"https:\/\/observatoriocentroamericanodeviolencialaboral.org\/index.php\/2023\/07\/10\/personas-afiliadas-al-instituto-nicaraguense-de-seguridad-social-industria-manufacturera\/\" >\n\t\t\t\tPersonas afiliadas al Instituto Nicarag\u00fcense de Seguridad Social, industria manufacturera\t\t\t<\/a>\n\t\t<\/h3>\n\t\t\t\t<div class=\"elementor-post__meta-data\">\n\t\t\t\t\t<span class=\"elementor-post-date\">\n\t\t\t10 julio, 2023\t\t<\/span>\n\t\t\t\t<span class=\"elementor-post-avatar\">\n\t\t\tNo hay comentarios\t\t<\/span>\n\t\t\t\t<\/div>\n\t\t\t\t<div class=\"elementor-post__excerpt\">\n\t\t\t\t\t<\/div>\n\t\t\n\t\t<a class=\"elementor-post__read-more\" href=\"https:\/\/observatoriocentroamericanodeviolencialaboral.org\/index.php\/2023\/07\/10\/personas-afiliadas-al-instituto-nicaraguense-de-seguridad-social-industria-manufacturera\/\" aria-label=\"M\u00e1s informaci\u00f3n sobre Personas afiliadas al Instituto Nicarag\u00fcense de Seguridad Social, industria manufacturera\" tabindex=\"-1\" >\n\t\t\tLeer mas \u00bb\t\t<\/a>\n\n\t\t\t\t<\/div>\n\t\t\t\t<\/article>\n\t\t\t\t<article class=\"elementor-post elementor-grid-item post-1244 post type-post status-publish format-standard has-post-thumbnail hentry category-nicaragua-violaciones-a-derechos-laborales category-violaciones-a-derechos-laborales entry has-media\" role=\"listitem\">\n\t\t\t\t<a class=\"elementor-post__thumbnail__link\" href=\"https:\/\/observatoriocentroamericanodeviolencialaboral.org\/index.php\/2020\/07\/16\/cierre-de-maquilas-y-suspensiones-de-labores\/\" tabindex=\"-1\" >\n\t\t\t<div class=\"elementor-post__thumbnail\"><img decoding=\"async\" width=\"257\" height=\"300\" src=\"https:\/\/observatoriocentroamericanodeviolencialaboral.org\/wp-content\/uploads\/2020\/07\/violacion-derechos-laborales-nicargaua-5-257x300.png\" class=\"attachment-medium size-medium wp-image-1887\" alt=\"\" srcset=\"https:\/\/observatoriocentroamericanodeviolencialaboral.org\/wp-content\/uploads\/2020\/07\/violacion-derechos-laborales-nicargaua-5-257x300.png 257w, https:\/\/observatoriocentroamericanodeviolencialaboral.org\/wp-content\/uploads\/2020\/07\/violacion-derechos-laborales-nicargaua-5.png 415w\" sizes=\"(max-width: 257px) 100vw, 257px\" \/><\/div>\n\t\t<\/a>\n\t\t\t\t<div class=\"elementor-post__text\">\n\t\t\t\t<h3 class=\"elementor-post__title\">\n\t\t\t<a href=\"https:\/\/observatoriocentroamericanodeviolencialaboral.org\/index.php\/2020\/07\/16\/cierre-de-maquilas-y-suspensiones-de-labores\/\" >\n\t\t\t\tCierre de maquilas y suspensiones de labores\t\t\t<\/a>\n\t\t<\/h3>\n\t\t\t\t<div class=\"elementor-post__meta-data\">\n\t\t\t\t\t<span class=\"elementor-post-date\">\n\t\t\t16 julio, 2020\t\t<\/span>\n\t\t\t\t<span class=\"elementor-post-avatar\">\n\t\t\tNo hay comentarios\t\t<\/span>\n\t\t\t\t<\/div>\n\t\t\t\t<div class=\"elementor-post__excerpt\">\n\t\t\t<p>Es usual que las maquilas dejen de producir en determinados pa\u00edses buscando los salarios m\u00e1s bajos de mano de obra o debido a la disminuci\u00f3n de las \u00f3rdenes de producci\u00f3n de las marcas internacionales<\/p>\n\t\t<\/div>\n\t\t\n\t\t<a class=\"elementor-post__read-more\" href=\"https:\/\/observatoriocentroamericanodeviolencialaboral.org\/index.php\/2020\/07\/16\/cierre-de-maquilas-y-suspensiones-de-labores\/\" aria-label=\"M\u00e1s informaci\u00f3n sobre Cierre de maquilas y suspensiones de labores\" tabindex=\"-1\" >\n\t\t\tLeer mas \u00bb\t\t<\/a>\n\n\t\t\t\t<\/div>\n\t\t\t\t<\/article>\n\t\t\t\t<article class=\"elementor-post elementor-grid-item post-1238 post type-post status-publish format-standard has-post-thumbnail hentry category-nicaragua-violaciones-a-derechos-laborales category-violaciones-a-derechos-laborales entry has-media\" role=\"listitem\">\n\t\t\t\t<a class=\"elementor-post__thumbnail__link\" href=\"https:\/\/observatoriocentroamericanodeviolencialaboral.org\/index.php\/2020\/07\/16\/acoso-laboral-en-centros-de-trabajo\/\" tabindex=\"-1\" >\n\t\t\t<div class=\"elementor-post__thumbnail\"><img decoding=\"async\" width=\"300\" height=\"191\" src=\"https:\/\/observatoriocentroamericanodeviolencialaboral.org\/wp-content\/uploads\/2020\/07\/acoso-laboral-el-nicaragua-1-300x191.png\" class=\"attachment-medium size-medium wp-image-1798\" alt=\"\" srcset=\"https:\/\/observatoriocentroamericanodeviolencialaboral.org\/wp-content\/uploads\/2020\/07\/acoso-laboral-el-nicaragua-1-300x191.png 300w, https:\/\/observatoriocentroamericanodeviolencialaboral.org\/wp-content\/uploads\/2020\/07\/acoso-laboral-el-nicaragua-1.png 662w\" sizes=\"(max-width: 300px) 100vw, 300px\" \/><\/div>\n\t\t<\/a>\n\t\t\t\t<div class=\"elementor-post__text\">\n\t\t\t\t<h3 class=\"elementor-post__title\">\n\t\t\t<a href=\"https:\/\/observatoriocentroamericanodeviolencialaboral.org\/index.php\/2020\/07\/16\/acoso-laboral-en-centros-de-trabajo\/\" >\n\t\t\t\tAcoso Laboral en centros de trabajo\t\t\t<\/a>\n\t\t<\/h3>\n\t\t\t\t<div class=\"elementor-post__meta-data\">\n\t\t\t\t\t<span class=\"elementor-post-date\">\n\t\t\t16 julio, 2020\t\t<\/span>\n\t\t\t\t<span class=\"elementor-post-avatar\">\n\t\t\tNo hay comentarios\t\t<\/span>\n\t\t\t\t<\/div>\n\t\t\t\t<div class=\"elementor-post__excerpt\">\n\t\t\t<p>Entre las manifestaciones m\u00e1s frecuentes de la violencia laboral en los centros de trabajo, se encuentra el acoso laboral<\/p>\n\t\t<\/div>\n\t\t\n\t\t<a class=\"elementor-post__read-more\" href=\"https:\/\/observatoriocentroamericanodeviolencialaboral.org\/index.php\/2020\/07\/16\/acoso-laboral-en-centros-de-trabajo\/\" aria-label=\"M\u00e1s informaci\u00f3n sobre Acoso Laboral en centros de trabajo\" tabindex=\"-1\" >\n\t\t\tLeer mas \u00bb\t\t<\/a>\n\n\t\t\t\t<\/div>\n\t\t\t\t<\/article>\n\t\t\t\t<article class=\"elementor-post elementor-grid-item post-1229 post type-post status-publish format-standard has-post-thumbnail hentry category-nicaragua-violaciones-a-derechos-laborales category-violaciones-a-derechos-laborales entry has-media\" role=\"listitem\">\n\t\t\t\t<a class=\"elementor-post__thumbnail__link\" href=\"https:\/\/observatoriocentroamericanodeviolencialaboral.org\/index.php\/2020\/07\/16\/discriminacion-en-centros-de-trabajo-personas-con-discapacidad\/\" tabindex=\"-1\" >\n\t\t\t<div class=\"elementor-post__thumbnail\"><img loading=\"lazy\" decoding=\"async\" width=\"300\" height=\"203\" src=\"https:\/\/observatoriocentroamericanodeviolencialaboral.org\/wp-content\/uploads\/2020\/07\/discriminacio-nicaragua-2-300x203.png\" class=\"attachment-medium size-medium wp-image-1818\" alt=\"\" srcset=\"https:\/\/observatoriocentroamericanodeviolencialaboral.org\/wp-content\/uploads\/2020\/07\/discriminacio-nicaragua-2-300x203.png 300w, https:\/\/observatoriocentroamericanodeviolencialaboral.org\/wp-content\/uploads\/2020\/07\/discriminacio-nicaragua-2.png 602w\" sizes=\"(max-width: 300px) 100vw, 300px\" \/><\/div>\n\t\t<\/a>\n\t\t\t\t<div class=\"elementor-post__text\">\n\t\t\t\t<h3 class=\"elementor-post__title\">\n\t\t\t<a href=\"https:\/\/observatoriocentroamericanodeviolencialaboral.org\/index.php\/2020\/07\/16\/discriminacion-en-centros-de-trabajo-personas-con-discapacidad\/\" >\n\t\t\t\tDiscriminaci\u00f3n en centros de trabajo &#8211; Personas con discapacidad\t\t\t<\/a>\n\t\t<\/h3>\n\t\t\t\t<div class=\"elementor-post__meta-data\">\n\t\t\t\t\t<span class=\"elementor-post-date\">\n\t\t\t16 julio, 2020\t\t<\/span>\n\t\t\t\t<span class=\"elementor-post-avatar\">\n\t\t\tNo hay comentarios\t\t<\/span>\n\t\t\t\t<\/div>\n\t\t\t\t<div class=\"elementor-post__excerpt\">\n\t\t\t<p>La Constituci\u00f3n Pol\u00edtica de la Rep\u00fablica, en el Cap\u00edtulo II, sobre derechos sociales de los<br \/>\nnicarag\u00fcenses regula que \u201cel Estado prestar\u00e1 atenci\u00f3n especial en todos sus programas<\/p>\n\t\t<\/div>\n\t\t\n\t\t<a class=\"elementor-post__read-more\" href=\"https:\/\/observatoriocentroamericanodeviolencialaboral.org\/index.php\/2020\/07\/16\/discriminacion-en-centros-de-trabajo-personas-con-discapacidad\/\" aria-label=\"M\u00e1s informaci\u00f3n sobre Discriminaci\u00f3n en centros de trabajo &#8211; Personas con discapacidad\" tabindex=\"-1\" >\n\t\t\tLeer mas \u00bb\t\t<\/a>\n\n\t\t\t\t<\/div>\n\t\t\t\t<\/article>\n\t\t\t\t<article class=\"elementor-post elementor-grid-item post-465 post type-post status-publish format-standard has-post-thumbnail hentry category-nicaragua-violaciones-a-derechos-laborales category-violaciones-a-derechos-laborales entry has-media\" role=\"listitem\">\n\t\t\t\t<a class=\"elementor-post__thumbnail__link\" href=\"https:\/\/observatoriocentroamericanodeviolencialaboral.org\/index.php\/2020\/03\/03\/condiciones-laborales-de-trabajadoras-de-maquilas-en-nicaragua\/\" tabindex=\"-1\" >\n\t\t\t<div class=\"elementor-post__thumbnail\"><img loading=\"lazy\" decoding=\"async\" width=\"219\" height=\"300\" src=\"https:\/\/observatoriocentroamericanodeviolencialaboral.org\/wp-content\/uploads\/2020\/03\/violacion-derechos-laborales-nicargaua-4-219x300.png\" class=\"attachment-medium size-medium wp-image-1885\" alt=\"\" srcset=\"https:\/\/observatoriocentroamericanodeviolencialaboral.org\/wp-content\/uploads\/2020\/03\/violacion-derechos-laborales-nicargaua-4-219x300.png 219w, https:\/\/observatoriocentroamericanodeviolencialaboral.org\/wp-content\/uploads\/2020\/03\/violacion-derechos-laborales-nicargaua-4.png 382w\" sizes=\"(max-width: 219px) 100vw, 219px\" \/><\/div>\n\t\t<\/a>\n\t\t\t\t<div class=\"elementor-post__text\">\n\t\t\t\t<h3 class=\"elementor-post__title\">\n\t\t\t<a href=\"https:\/\/observatoriocentroamericanodeviolencialaboral.org\/index.php\/2020\/03\/03\/condiciones-laborales-de-trabajadoras-de-maquilas-en-nicaragua\/\" >\n\t\t\t\tCondiciones laborales de trabajadoras de maquilas en Nicaragua\t\t\t<\/a>\n\t\t<\/h3>\n\t\t\t\t<div class=\"elementor-post__meta-data\">\n\t\t\t\t\t<span class=\"elementor-post-date\">\n\t\t\t3 marzo, 2020\t\t<\/span>\n\t\t\t\t<span class=\"elementor-post-avatar\">\n\t\t\tNo hay comentarios\t\t<\/span>\n\t\t\t\t<\/div>\n\t\t\t\t<div class=\"elementor-post__excerpt\">\n\t\t\t<p>Seg\u00fan estudios realizados por organizaciones de mujeres en Nicaragua, entre ellas el<br \/>\nMovimiento de Mujeres Mar\u00eda Elena Cuadra<\/p>\n\t\t<\/div>\n\t\t\n\t\t<a class=\"elementor-post__read-more\" href=\"https:\/\/observatoriocentroamericanodeviolencialaboral.org\/index.php\/2020\/03\/03\/condiciones-laborales-de-trabajadoras-de-maquilas-en-nicaragua\/\" aria-label=\"M\u00e1s informaci\u00f3n sobre Condiciones laborales de trabajadoras de maquilas en Nicaragua\" tabindex=\"-1\" >\n\t\t\tLeer mas \u00bb\t\t<\/a>\n\n\t\t\t\t<\/div>\n\t\t\t\t<\/article>\n\t\t\t\t<\/div>\n\t\t\n\t\t\t\t\t\t<\/div>\n\t\t\t\t<\/div>\n\t\t\t\t\t<\/div>\n\t\t<\/div>\n\t\t\t\t\t<\/div>\n\t\t<\/section>\n\t\t\t\t<\/div>\n\t\t","protected":false},"excerpt":{"rendered":"","protected":false},"author":1,"featured_media":0,"parent":0,"menu_order":0,"comment_status":"closed","ping_status":"closed","template":"","meta":{"_crdt_document":"","ocean_post_layout":"right-sidebar","ocean_both_sidebars_style":"","ocean_both_sidebars_content_width":0,"ocean_both_sidebars_sidebars_width":0,"ocean_sidebar":"0","ocean_second_sidebar":"0","ocean_disable_margins":"enable","ocean_add_body_class":"","ocean_shortcode_before_top_bar":"","ocean_shortcode_after_top_bar":"","ocean_shortcode_before_header":"","ocean_shortcode_after_header":"","ocean_has_shortcode":"","ocean_shortcode_after_title":"","ocean_shortcode_before_footer_widgets":"","ocean_shortcode_after_footer_widgets":"","ocean_shortcode_before_footer_bottom":"","ocean_shortcode_after_footer_bottom":"","ocean_display_top_bar":"default","ocean_display_header":"default","ocean_header_style":"","ocean_center_header_left_menu":"0","ocean_custom_header_template":"0","ocean_custom_logo":0,"ocean_custom_retina_logo":0,"ocean_custom_logo_max_width":0,"ocean_custom_logo_tablet_max_width":0,"ocean_custom_logo_mobile_max_width":0,"ocean_custom_logo_max_height":0,"ocean_custom_logo_tablet_max_height":0,"ocean_custom_logo_mobile_max_height":0,"ocean_header_custom_menu":"0","ocean_menu_typo_font_family":"0","ocean_menu_typo_font_subset":"","ocean_menu_typo_font_size":0,"ocean_menu_typo_font_size_tablet":0,"ocean_menu_typo_font_size_mobile":0,"ocean_menu_typo_font_size_unit":"px","ocean_menu_typo_font_weight":"","ocean_menu_typo_font_weight_tablet":"","ocean_menu_typo_font_weight_mobile":"","ocean_menu_typo_transform":"","ocean_menu_typo_transform_tablet":"","ocean_menu_typo_transform_mobile":"","ocean_menu_typo_line_height":0,"ocean_menu_typo_line_height_tablet":0,"ocean_menu_typo_line_height_mobile":0,"ocean_menu_typo_line_height_unit":"","ocean_menu_typo_spacing":0,"ocean_menu_typo_spacing_tablet":0,"ocean_menu_typo_spacing_mobile":0,"ocean_menu_typo_spacing_unit":"","ocean_menu_link_color":"","ocean_menu_link_color_hover":"","ocean_menu_link_color_active":"","ocean_menu_link_background":"","ocean_menu_link_hover_background":"","ocean_menu_link_active_background":"","ocean_menu_social_links_bg":"","ocean_menu_social_hover_links_bg":"","ocean_menu_social_links_color":"","ocean_menu_social_hover_links_color":"","ocean_disable_title":"default","ocean_disable_heading":"default","ocean_post_title":"","ocean_post_subheading":"","ocean_post_title_style":"","ocean_post_title_background_color":"","ocean_post_title_background":0,"ocean_post_title_bg_image_position":"","ocean_post_title_bg_image_attachment":"","ocean_post_title_bg_image_repeat":"","ocean_post_title_bg_image_size":"","ocean_post_title_height":0,"ocean_post_title_bg_overlay":0.5,"ocean_post_title_bg_overlay_color":"","ocean_disable_breadcrumbs":"default","ocean_breadcrumbs_color":"","ocean_breadcrumbs_separator_color":"","ocean_breadcrumbs_links_color":"","ocean_breadcrumbs_links_hover_color":"","ocean_display_footer_widgets":"default","ocean_display_footer_bottom":"default","ocean_custom_footer_template":"0","footnotes":""},"class_list":["post-254","page","type-page","status-publish","hentry","entry","has-media"],"_links":{"self":[{"href":"https:\/\/observatoriocentroamericanodeviolencialaboral.org\/index.php\/wp-json\/wp\/v2\/pages\/254","targetHints":{"allow":["GET"]}}],"collection":[{"href":"https:\/\/observatoriocentroamericanodeviolencialaboral.org\/index.php\/wp-json\/wp\/v2\/pages"}],"about":[{"href":"https:\/\/observatoriocentroamericanodeviolencialaboral.org\/index.php\/wp-json\/wp\/v2\/types\/page"}],"author":[{"embeddable":true,"href":"https:\/\/observatoriocentroamericanodeviolencialaboral.org\/index.php\/wp-json\/wp\/v2\/users\/1"}],"replies":[{"embeddable":true,"href":"https:\/\/observatoriocentroamericanodeviolencialaboral.org\/index.php\/wp-json\/wp\/v2\/comments?post=254"}],"version-history":[{"count":5,"href":"https:\/\/observatoriocentroamericanodeviolencialaboral.org\/index.php\/wp-json\/wp\/v2\/pages\/254\/revisions"}],"predecessor-version":[{"id":1356,"href":"https:\/\/observatoriocentroamericanodeviolencialaboral.org\/index.php\/wp-json\/wp\/v2\/pages\/254\/revisions\/1356"}],"wp:attachment":[{"href":"https:\/\/observatoriocentroamericanodeviolencialaboral.org\/index.php\/wp-json\/wp\/v2\/media?parent=254"}],"curies":[{"name":"wp","href":"https:\/\/api.w.org\/{rel}","templated":true}]}}